{"id":14,"date":"2025-09-05T09:22:37","date_gmt":"2025-09-05T09:22:37","guid":{"rendered":"https:\/\/zum-deutschen-kaiser.de\/?page_id=14"},"modified":"2026-04-09T20:52:40","modified_gmt":"2026-04-09T18:52:40","slug":"speisekarte","status":"publish","type":"page","link":"https:\/\/zum-deutschen-kaiser.de\/?page_id=14","title":{"rendered":"Speisekarte"},"content":{"rendered":"\r\n<div class=\"wp-block-columns is-layout-flex wp-container-core-columns-is-layout-9d6595d7 wp-block-columns-is-layout-flex\">\r\n<div class=\"wp-block-column is-layout-flow wp-block-column-is-layout-flow\" style=\"flex-basis: 100%;\">\r\n<div class=\"wp-block-columns is-layout-flex wp-container-core-columns-is-layout-9d6595d7 wp-block-columns-is-layout-flex\">\r\n<div class=\"wp-block-column is-layout-flow wp-block-column-is-layout-flow\" style=\"flex-basis: 100%;\">\n<table id=\"tablepress-4\" class=\"tablepress tablepress-id-4 tbody-has-connected-cells\">\n<tbody>\n<tr class=\"row-1\">\n\t<td class=\"column-1\"><strong><em>Gerichte mit frischem Spargel<\/td><td class=\"column-2\"><\/td>\n<\/tr>\n<tr class=\"row-2\">\n\t<td class=\"column-1\"><\/td><td class=\"column-2\"><\/td>\n<\/tr>\n<tr class=\"row-3\">\n\t<td class=\"column-1\">Spargelcremesuppe<\/td><td class=\"column-2\">4,80 \u20ac<\/td>\n<\/tr>\n<tr class=\"row-4\">\n\t<td class=\"column-1\">Spargel mit Kartoffeln<\/td><td class=\"column-2\">15,20 \u20ac<\/td>\n<\/tr>\n<tr class=\"row-5\">\n\t<td class=\"column-1\">Spargelragout (Spargel, Fl\u00e4dle und helle So\u00dfe)<\/td><td class=\"column-2\">15,20 \u20ac<\/td>\n<\/tr>\n<tr class=\"row-6\">\n\t<td class=\"column-1\">Spargel mit kleinem Schnitzel und Kartoffeln<\/td><td class=\"column-2\">19,80 \u20ac<\/td>\n<\/tr>\n<tr class=\"row-7\">\n\t<td class=\"column-1\">Spargel mit rohem Schinken und Kartoffeln<\/td><td class=\"column-2\">19,80 \u20ac<\/td>\n<\/tr>\n<tr class=\"row-8\">\n\t<td class=\"column-1\">Spargel mit gekochtem Schinken und Kartoffeln<\/td><td class=\"column-2\">19,80 \u20ac<\/td>\n<\/tr>\n<tr class=\"row-9\">\n\t<td class=\"column-1\">Schlemmerschnitzel (mit Kochschinken, Spargel und K\u00e4se \u00fcberbacken) Pommes und Salat<\/td><td class=\"column-2\">22,50 \u20ac<\/td>\n<\/tr>\n<tr class=\"row-10\">\n\t<td class=\"column-1\">Rumsteak mit Kartoffeln und Spargel<\/td><td class=\"column-2\">39,70 \u20ac<\/td>\n<\/tr>\n<tr class=\"row-11\">\n\t<td class=\"column-1\">Spargelsalat mit Brot<\/td><td class=\"column-2\">18,00 \u20ac<\/td>\n<\/tr>\n<tr class=\"row-12\">\n\t<td class=\"column-1\"><\/td><td class=\"column-2\"><\/td>\n<\/tr>\n<tr class=\"row-13\">\n\t<td colspan=\"2\" class=\"column-1\">Zu den Spargelgerichten servieren wir wahlweise:<\/td>\n<\/tr>\n<tr class=\"row-14\">\n\t<td colspan=\"2\" class=\"column-1\">Sauce Hollandaise, gr\u00fcne So\u00dfe oder zerlassene Butter<\/td>\n<\/tr>\n<tr class=\"row-15\">\n\t<td colspan=\"2\" class=\"column-1\"><img loading=\"lazy\" decoding=\"async\" src=\"https:\/\/zum-deutschen-kaiser.de\/wp-content\/uploads\/2026\/04\/Spargel1.jpg\" alt=\"\" style=\"display: block; margin: 0 auto;\" width=\"400\" height=\"262\" class=\"alignnone size-medium wp-image-105\" \/><\/td>\n<\/tr>\n<tr class=\"row-16\">\n\t<td class=\"column-1\"><\/td><td class=\"column-2\"><\/td>\n<\/tr>\n<tr class=\"row-17\">\n\t<td class=\"column-1\"><strong><em>Zur Vorspeise<\/strong><\/em><\/td><td class=\"column-2\"><\/td>\n<\/tr>\n<tr class=\"row-18\">\n\t<td class=\"column-1\"><\/td><td class=\"column-2\"><\/td>\n<\/tr>\n<tr class=\"row-19\">\n\t<td class=\"column-1\">Hausgemachte Rindfleischsuppe mit Markkl\u00f6\u00dfchen<\/td><td class=\"column-2\">4,80 \u20ac<\/td>\n<\/tr>\n<tr class=\"row-20\">\n\t<td colspan=\"2\" class=\"column-1\"><img loading=\"lazy\" decoding=\"async\" src=\"https:\/\/zum-deutschen-kaiser.de\/wp-content\/uploads\/2025\/09\/Suppe-242x300.jpg\" alt=\"\" style=\"display: block; margin: 0 auto;\" width=\"242\" height=\"300\" class=\"alignnone size-medium wp-image-105\" srcset=\"https:\/\/zum-deutschen-kaiser.de\/wp-content\/uploads\/2025\/09\/Suppe-242x300.jpg 242w, https:\/\/zum-deutschen-kaiser.de\/wp-content\/uploads\/2025\/09\/Suppe.jpg 400w\" sizes=\"auto, (max-width: 242px) 100vw, 242px\" \/><\/td>\n<\/tr>\n<tr class=\"row-21\">\n\t<td class=\"column-1\"><\/td><td class=\"column-2\"><\/td>\n<\/tr>\n<tr class=\"row-22\">\n\t<td class=\"column-1\"><strong><em>Von unseren Strohschweinen<\/td><td class=\"column-2\"><\/td>\n<\/tr>\n<tr class=\"row-23\">\n\t<td class=\"column-1\"><\/td><td class=\"column-2\"><\/td>\n<\/tr>\n<tr class=\"row-24\">\n\t<td class=\"column-1\">Schnitzel<\/td><td class=\"column-2\">14,40 \u20ac<\/td>\n<\/tr>\n<tr class=\"row-25\">\n\t<td class=\"column-1\">J\u00e4gerschnitzel<\/td><td class=\"column-2\">16,80 \u20ac<\/td>\n<\/tr>\n<tr class=\"row-26\">\n\t<td class=\"column-1\">Zwiebelschnitzel<\/td><td class=\"column-2\">16,80 \u20ac<\/td>\n<\/tr>\n<tr class=\"row-27\">\n\t<td class=\"column-1\">Paprikaschnitzel<\/td><td class=\"column-2\">16,80 \u20ac<\/td>\n<\/tr>\n<tr class=\"row-28\">\n\t<td class=\"column-1\">Pfefferrahm-Schnitzel<\/td><td class=\"column-2\">17,40 \u20ac<\/td>\n<\/tr>\n<tr class=\"row-29\">\n\t<td class=\"column-1\">Kochk\u00e4seschnitzel mit hausgemachtem Kochk\u00e4se<\/td><td class=\"column-2\">17,40 \u20ac<\/td>\n<\/tr>\n<tr class=\"row-30\">\n\t<td class=\"column-1\">Schnitzel mit gr\u00fcner So\u00dfe<\/td><td class=\"column-2\">17,40 \u20ac<\/td>\n<\/tr>\n<tr class=\"row-31\">\n\t<td colspan=\"2\" class=\"column-1\"><img decoding=\"async\" src=\"https:\/\/zum-deutschen-kaiser.de\/wp-content\/uploads\/2025\/09\/Schnitzel-285x300.jpg\" alt=\"\" style=\"display: block; margin: 0 auto;\" width=\"300\"\/><\/td>\n<\/tr>\n<tr class=\"row-32\">\n\t<td class=\"column-1\"><\/td><td class=\"column-2\"><\/td>\n<\/tr>\n<tr class=\"row-33\">\n\t<td class=\"column-1\"><strong><em>Von unseren Weiderindern<\/td><td class=\"column-2\"><\/td>\n<\/tr>\n<tr class=\"row-34\">\n\t<td class=\"column-1\"><\/td><td class=\"column-2\"><\/td>\n<\/tr>\n<tr class=\"row-35\">\n\t<td class=\"column-1\">Rumpsteak mit Zwiebeln, Kr\u00e4uterbutter oder Pfefferrahm<\/td><td class=\"column-2\">27,60 \u20ac<\/td>\n<\/tr>\n<tr class=\"row-36\">\n\t<td class=\"column-1\">Rinderbraten<\/td><td class=\"column-2\">16,80 \u20ac<\/td>\n<\/tr>\n<tr class=\"row-37\">\n\t<td class=\"column-1\">Rindfleisch mit gr\u00fcner So\u00dfe<\/td><td class=\"column-2\">16,80 \u20ac<\/td>\n<\/tr>\n<tr class=\"row-38\">\n\t<td colspan=\"2\" class=\"column-1\"><img loading=\"lazy\" decoding=\"async\" src=\"https:\/\/zum-deutschen-kaiser.de\/wp-content\/uploads\/2025\/09\/Rumsteak.jpg\" alt=\"\" style=\"display: block; margin: 0 auto;\" width=\"250\" height=\"180\" class=\"alignnone size-full wp-image-133\" \/><\/td>\n<\/tr>\n<tr class=\"row-39\">\n\t<td class=\"column-1\"><\/td><td class=\"column-2\"><\/td>\n<\/tr>\n<tr class=\"row-40\">\n\t<td class=\"column-1\"><strong><em>Aus dem Rohrbacher Revier<\/td><td class=\"column-2\"><\/td>\n<\/tr>\n<tr class=\"row-41\">\n\t<td class=\"column-1\"><\/td><td class=\"column-2\"><\/td>\n<\/tr>\n<tr class=\"row-42\">\n\t<td class=\"column-1\">Wildtopf (gemischter Wildgulasch)<\/td><td class=\"column-2\">20,40 \u20ac<\/td>\n<\/tr>\n<tr class=\"row-43\">\n\t<td class=\"column-1\"><\/td><td class=\"column-2\"><\/td>\n<\/tr>\n<tr class=\"row-44\">\n\t<td class=\"column-1\"><strong><em>Vegetarisch<\/td><td class=\"column-2\"><\/td>\n<\/tr>\n<tr class=\"row-45\">\n\t<td class=\"column-1\"><\/td><td class=\"column-2\"><\/td>\n<\/tr>\n<tr class=\"row-46\">\n\t<td class=\"column-1\">Bunter Salatteller mit K\u00e4se und Ei<\/td><td class=\"column-2\">12,00 \u20ac<\/td>\n<\/tr>\n<tr class=\"row-47\">\n\t<td class=\"column-1\"><\/td><td class=\"column-2\"><\/td>\n<\/tr>\n<tr class=\"row-48\">\n\t<td colspan=\"2\" class=\"column-1\"><strong>Beilagen:<\/strong> Kn\u00f6del, Kartoffel, Sp\u00e4tzle, Kroketten, Pommes Frites, gemisch. Salat, Tagesgem\u00fcse oder Rotkohl<\/td>\n<\/tr>\n<tr class=\"row-49\">\n\t<td class=\"column-1\"><\/td><td class=\"column-2\"><\/td>\n<\/tr>\n<tr class=\"row-50\">\n\t<td colspan=\"2\" class=\"column-1\">Zwei Beilagen sind im Preis inbegriffen.<\/td>\n<\/tr>\n<tr class=\"row-51\">\n\t<td class=\"column-1\"><\/td><td class=\"column-2\"><\/td>\n<\/tr>\n<tr class=\"row-52\">\n\t<td class=\"column-1\"><strong><em>Kalte Speisen und Hausgemachte Spezialit\u00e4ten<\/td><td class=\"column-2\"><\/td>\n<\/tr>\n<tr class=\"row-53\">\n\t<td class=\"column-1\"><\/td><td class=\"column-2\"><\/td>\n<\/tr>\n<tr class=\"row-54\">\n\t<td class=\"column-1\">Handk\u00e4se ohne \/ mit Musik<\/td><td class=\"column-2\">6,60 \u20ac \/ 7,20 \u20ac<\/td>\n<\/tr>\n<tr class=\"row-55\">\n\t<td class=\"column-1\">Kochk\u00e4se ohne \/ mit Musik<\/td><td class=\"column-2\">6,60 \u20ac \/ 7,20 \u20ac<\/td>\n<\/tr>\n<tr class=\"row-56\">\n\t<td class=\"column-1\">Schinkenplatte<\/td><td class=\"column-2\">7,80 \u20ac<\/td>\n<\/tr>\n<tr class=\"row-57\">\n\t<td class=\"column-1\">Schinkenbrot<\/td><td class=\"column-2\">6,60 \u20ac<\/td>\n<\/tr>\n<tr class=\"row-58\">\n\t<td class=\"column-1\">\u201cStrammer Max\u201d<\/td><td class=\"column-2\">7,80 \u20ac<\/td>\n<\/tr>\n<tr class=\"row-59\">\n\t<td class=\"column-1\">Dreierlei hausgemachte Wurst<\/td><td class=\"column-2\">6,60 \u20ac<\/td>\n<\/tr>\n<tr class=\"row-60\">\n\t<td class=\"column-1\">Hausgemachte Wurst mit Schinken<\/td><td class=\"column-2\">7,20 \u20ac<\/td>\n<\/tr>\n<tr class=\"row-61\">\n\t<td colspan=\"2\" class=\"column-1\"><img loading=\"lazy\" decoding=\"async\" src=\"https:\/\/zum-deutschen-kaiser.de\/wp-content\/uploads\/2025\/09\/Handkaese-242x300.jpg\" alt=\"\" style=\"display: block; margin: 0 auto;\" width=\"242\" height=\"300\" class=\"alignnone size-medium wp-image-137\" srcset=\"https:\/\/zum-deutschen-kaiser.de\/wp-content\/uploads\/2025\/09\/Handkaese-242x300.jpg 242w, https:\/\/zum-deutschen-kaiser.de\/wp-content\/uploads\/2025\/09\/Handkaese.jpg 250w\" sizes=\"auto, (max-width: 242px) 100vw, 242px\" \/><\/td>\n<\/tr>\n<tr class=\"row-62\">\n\t<td class=\"column-1\"><\/td><td class=\"column-2\"><\/td>\n<\/tr>\n<tr class=\"row-63\">\n\t<td class=\"column-1\"><strong><em>Getr\u00e4nke<\/td><td class=\"column-2\"><\/td>\n<\/tr>\n<tr class=\"row-64\">\n\t<td class=\"column-1\"><\/td><td class=\"column-2\"><\/td>\n<\/tr>\n<tr class=\"row-65\">\n\t<td class=\"column-1\">Cola\/Spezi\/Limo wei\u00df oder gelb*  0,2l \/ 0,4l<\/td><td class=\"column-2\">2,50 \u20ac \/ 4,00 \u20ac<\/td>\n<\/tr>\n<tr class=\"row-66\">\n\t<td class=\"column-1\">Apfelsaft  oder  Schorle           0,2l \/ 0,4l<\/td><td class=\"column-2\">2,50 \u20ac \/ 4,00 \u20ac<\/td>\n<\/tr>\n<tr class=\"row-67\">\n\t<td class=\"column-1\">Gourmet Mineralwasser 0,25l \/ 0,7l<\/td><td class=\"column-2\">2,50 \u20ac \/ 4,00 \u20ac<\/td>\n<\/tr>\n<tr class=\"row-68\">\n\t<td class=\"column-1\">Faust hell vom Fass  0,3l \/ 0,5l<\/td><td class=\"column-2\">3,00 \u20ac \/ 4,00 \u20ac<\/td>\n<\/tr>\n<tr class=\"row-69\">\n\t<td class=\"column-1\">Schmucker Weizen 0,5l<\/td><td class=\"column-2\">4,50 \u20ac<\/td>\n<\/tr>\n<tr class=\"row-70\">\n\t<td class=\"column-1\">Radler 0,3l \/ 0,5l<\/td><td class=\"column-2\">3,00 \u20ac \/ 4,00 \u20ac<\/td>\n<\/tr>\n<tr class=\"row-71\">\n\t<td class=\"column-1\">Alkoholfreies Weizen 0,5l<\/td><td class=\"column-2\">4,50 \u20ac<\/td>\n<\/tr>\n<tr class=\"row-72\">\n\t<td class=\"column-1\">Apfelwein 0,25l<\/td><td class=\"column-2\">1,80 \u20ac<\/td>\n<\/tr>\n<tr class=\"row-73\">\n\t<td class=\"column-1\">Apfelweinschorle 0,25l<\/td><td class=\"column-2\">1,80 \u20ac<\/td>\n<\/tr>\n<tr class=\"row-74\">\n\t<td class=\"column-1\"><\/td><td class=\"column-2\"><\/td>\n<\/tr>\n<tr class=\"row-75\">\n\t<td class=\"column-1\">*enth\u00e4lt teilweise Koffein und\/oder Farbstoffe<\/td><td class=\"column-2\"><\/td>\n<\/tr>\n<tr class=\"row-76\">\n\t<td colspan=\"2\" class=\"column-1\"><img loading=\"lazy\" decoding=\"async\" src=\"https:\/\/zum-deutschen-kaiser.de\/wp-content\/uploads\/2025\/09\/Apfelwein.jpg\" alt=\"\" style=\"display: block; margin: 0 auto;\" width=\"250\" height=\"234\" class=\"alignnone size-full wp-image-147\" \/><\/td>\n<\/tr>\n<tr class=\"row-77\">\n\t<td class=\"column-1\"><\/td><td class=\"column-2\"><\/td>\n<\/tr>\n<tr class=\"row-78\">\n\t<td class=\"column-1\"><strong><em>Genuss-Limonaden<\/td><td class=\"column-2\"><\/td>\n<\/tr>\n<tr class=\"row-79\">\n\t<td class=\"column-1\"><\/td><td class=\"column-2\"><\/td>\n<\/tr>\n<tr class=\"row-80\">\n\t<td class=\"column-1\">Rhabarber-Mirabelle 0,33l<\/td><td class=\"column-2\">3,50 \u20ac<\/td>\n<\/tr>\n<tr class=\"row-81\">\n\t<td class=\"column-1\">Limette-Minze 0,33l<\/td><td class=\"column-2\">3,50 \u20ac<\/td>\n<\/tr>\n<tr class=\"row-82\">\n\t<td class=\"column-1\">Johannisbeer-Holunder 0,33l<\/td><td class=\"column-2\">3,50 \u20ac<\/td>\n<\/tr>\n<tr class=\"row-83\">\n\t<td class=\"column-1\">Himbeer-Minze 0,33l<\/td><td class=\"column-2\">3,50 \u20ac<\/td>\n<\/tr>\n<tr class=\"row-84\">\n\t<td class=\"column-1\">Mango-Orange 0,33l<\/td><td class=\"column-2\">3,50 \u20ac<\/td>\n<\/tr>\n<\/tbody>\n<\/table>\n<!-- #tablepress-4 from cache --><\/div>\r\n<\/div>\r\n<\/div>\r\n<\/div>\r\n\r\n\r\n\r\n<p>&nbsp;<\/p>\r\n","protected":false},"excerpt":{"rendered":"<p>&nbsp;<\/p>\n","protected":false},"author":1,"featured_media":0,"parent":0,"menu_order":0,"comment_status":"closed","ping_status":"closed","template":"","meta":{"footnotes":""},"class_list":["post-14","page","type-page","status-publish","hentry"],"_links":{"self":[{"href":"https:\/\/zum-deutschen-kaiser.de\/index.php?rest_route=\/wp\/v2\/pages\/14","targetHints":{"allow":["GET"]}}],"collection":[{"href":"https:\/\/zum-deutschen-kaiser.de\/index.php?rest_route=\/wp\/v2\/pages"}],"about":[{"href":"https:\/\/zum-deutschen-kaiser.de\/index.php?rest_route=\/wp\/v2\/types\/page"}],"author":[{"embeddable":true,"href":"https:\/\/zum-deutschen-kaiser.de\/index.php?rest_route=\/wp\/v2\/users\/1"}],"replies":[{"embeddable":true,"href":"https:\/\/zum-deutschen-kaiser.de\/index.php?rest_route=%2Fwp%2Fv2%2Fcomments&post=14"}],"version-history":[{"count":50,"href":"https:\/\/zum-deutschen-kaiser.de\/index.php?rest_route=\/wp\/v2\/pages\/14\/revisions"}],"predecessor-version":[{"id":312,"href":"https:\/\/zum-deutschen-kaiser.de\/index.php?rest_route=\/wp\/v2\/pages\/14\/revisions\/312"}],"wp:attachment":[{"href":"https:\/\/zum-deutschen-kaiser.de\/index.php?rest_route=%2Fwp%2Fv2%2Fmedia&parent=14"}],"curies":[{"name":"wp","href":"https:\/\/api.w.org\/{rel}","templated":true}]}}